{"id":1292,"date":"2024-02-06T15:08:25","date_gmt":"2024-02-06T13:08:25","guid":{"rendered":"https:\/\/atao.fi\/?page_id=1292"},"modified":"2025-08-12T11:26:42","modified_gmt":"2025-08-12T08:26:42","slug":"main","status":"publish","type":"page","link":"https:\/\/atao.fi\/en\/","title":{"rendered":"Main"},"content":{"rendered":"\n<section class=\"block block-hero d-flex container-fluid bg-lightgray height-low\">\n        <div class=\"image-wrapper  overlay \">\n        <img fetchpriority=\"high\" decoding=\"async\" src=\"https:\/\/atao.fi\/wp-content\/uploads\/2025\/08\/umbrella-hero-etusivu-vaaka-desktop-2025.webp\" width=\"1920\" height=\"1013\" srcset=\"https:\/\/atao.fi\/wp-content\/uploads\/2025\/08\/umbrella-hero-etusivu-vaaka-desktop-2025-300x158.webp 300w, https:\/\/atao.fi\/wp-content\/uploads\/2025\/08\/umbrella-hero-etusivu-vaaka-desktop-2025-1024x540.webp 840w, https:\/\/atao.fi\/wp-content\/uploads\/2025\/08\/umbrella-hero-etusivu-vaaka-desktop-2025-768x405.webp 768w, https:\/\/atao.fi\/wp-content\/uploads\/2025\/08\/umbrella-hero-etusivu-vaaka-desktop-2025.webp 1920w\" sizes=\"(max-width: 1919px) 100vw, 1920px\" id=\"image-desktop\" alt=\"\" loading=\"eager\">        <img decoding=\"async\" src=\"https:\/\/atao.fi\/wp-content\/uploads\/2025\/08\/umbrella-hero-etusivu-pysty-mobiili-2025-248x300.webp\" width=\"248\" height=\"300\" srcset=\"https:\/\/atao.fi\/wp-content\/uploads\/2025\/08\/umbrella-hero-etusivu-pysty-mobiili-2025-248x300.webp 248w, https:\/\/atao.fi\/wp-content\/uploads\/2025\/08\/umbrella-hero-etusivu-pysty-mobiili-2025-848x1024.webp 840w, https:\/\/atao.fi\/wp-content\/uploads\/2025\/08\/umbrella-hero-etusivu-pysty-mobiili-2025-768x927.webp 768w, https:\/\/atao.fi\/wp-content\/uploads\/2025\/08\/umbrella-hero-etusivu-pysty-mobiili-2025.webp 1590w\" sizes=\"auto, (max-width: 247px) 100vw, 248px\" id=\"image-mobile\" alt=\"\" loading=\"lazy\">    <\/div>\n        <div><\/div>\n    <div\n        class=\"container-fluid text-container container-lg \">\n        <div class=\"row\">\n            <div class=\"content col-12 col-lg-6\">\n                <div class=\"entry-content \">\n                                        \n\n<h1 class=\"wp-block-heading has-white-color has-text-color\"><\/h1>\n\n\n\n<p class=\"has-white-color has-text-color has-link-color wp-elements-c645e628e62f8fbab9d9726851472d16\"><\/p>\n\n\n                <\/div>\n            <\/div>\n        <\/div>\n    <\/div>\n<\/section>\n\n\n<section class=\"block block-content-wrapper container-fluid bg-darkblue\">\n    <div class=\"container\">\n\n        <div class=\"row \">\n                        <div class=\"col-12 col-ml-8 offset-ml-2 col-xl-6 offset-xl-3 col-hd-6 offset-hd-3 \">\n                <div class=\"entry-content\">\n                    \n\n<h2 class=\"wp-block-heading has-white-color has-text-color has-link-color wp-elements-f336a78253bd2f587bef2e26e0bef916\"><strong>A single software solution for HSQE management<\/strong><\/h2>\n\n\n\n<p class=\"is-style-lead has-white-color has-text-color has-link-color wp-elements-96c4a5956bd120cde2287d2556ddaaae\">Umbrella HSQE Solution brings together all the quality, environmental, and safety management tools you need into one software.<\/p>\n\n\n                <\/div>\n            <\/div>\n        <\/div>\n    <\/div>\n<\/section>\n\n\n\n<section class=\"block block-content-50-50 container-fluid bg-white\">\n    <div class=\"container\">\n        <div class=\"row  align-items-center\">\n\n            <div class=\"col-ml-6 col-12   img-container\">\n                                    <img decoding=\"async\" src=\"https:\/\/atao.fi\/wp-content\/uploads\/2025\/08\/umbrella-sisaltokuva-yleisesittely-2025.webp\" width=\"1590\" height=\"1700\" alt=\"\" loading=\"lazy\">                \n            <\/div>\n                            <div class=\"col-ml-5 col-12 offset-ml-1  txt-container\">\n                    <div class=\"content\">\n                        \n\n<h2 class=\"wp-block-heading\">Efficiently operational within a month<\/h2>\n\n\n\n<p>Our software guides your organization towards regular and best practice-compliant operations. It enables you to achieve and maintain the levels required by standards in quality and safety:<\/p>\n\n\n\n<ul class=\"wp-block-list\">\n<li>Business<\/li>\n\n\n\n<li>Environment<\/li>\n\n\n\n<li>Occupational safety<\/li>\n\n\n\n<li>Information security<\/li>\n\n\n\n<li>Product safety<\/li>\n<\/ul>\n\n\n\n<p>As an easy-to-use SaaS service and with the support of our experienced HSQE experts, the software will be efficiently utilized by your organization within a month of implementation.<\/p>\n\n\n\n<p>Results are quickly visible in the form of a clearer overall picture of operations, easier traceability, and continuous development opportunities.<\/p>\n\n\n\n<p>Additionally, the software digitizes internal communication within the organization: electronic tools for reporting and surveys, for example, increase the efficiency and transparency of information flow.<\/p>\n\n\n                    <\/div>\n                <\/div>\n                    <\/div>\n    <\/div>\n<\/section>\n\n\n\n<section class=\"block block-content-50-50 container-fluid bg-white\">\n    <div class=\"container\">\n        <div class=\"row flip-content align-items-center\">\n\n            <div class=\"col-ml-6 col-12 offset-ml-1   img-container\">\n                                    <img decoding=\"async\" src=\"https:\/\/atao.fi\/wp-content\/uploads\/2025\/08\/umbrella-sisaltokuva-pdca-eng.webp\" width=\"1590\" height=\"1590\" alt=\"\" loading=\"lazy\">                \n            <\/div>\n                            <div class=\"col-ml-5 col-12  txt-container\">\n                    <div class=\"content\">\n                        \n\n<h2 class=\"wp-block-heading\"><strong>The PDCA model keeps quality management in motion<\/strong><\/h2>\n\n\n\n<p class=\"is-style-lead\">The use of Umbrella HSQE Solution is based on the PDCA model, where operations are developed as a continuous, competitive-strengthening cycle of planning, implementation, checking, and adjustment.<\/p>\n\n\n                    <\/div>\n                <\/div>\n                    <\/div>\n    <\/div>\n<\/section>\n\n\n\n<section class=\"block block-content-50-50 container-fluid bg-darkblue\">\n    <div class=\"container\">\n        <div class=\"row  align-items-center\">\n\n            <div class=\"col-ml-6 col-12   img-container\">\n                                    <img decoding=\"async\" src=\"https:\/\/atao.fi\/wp-content\/uploads\/2025\/08\/umbrella-qms-starter-tuotelogo-lumi-rgb.png\" width=\"1137\" height=\"362\" alt=\"\" loading=\"lazy\">                \n            <\/div>\n                            <div class=\"col-ml-5 col-12 offset-ml-1  txt-container\">\n                    <div class=\"content\">\n                        \n\n<h4 class=\"wp-block-heading has-white-color has-text-color has-link-color wp-elements-f76f7e6e7691f3ecc1160152aed2dc87\"><strong>Umbella QMS Starter \u2013 rakenna yrityksellesi sertifioitava ISO 9001 -laatuj\u00e4rjestelm\u00e4<\/strong><\/h4>\n\n\n                    <\/div>\n                <\/div>\n                    <\/div>\n    <\/div>\n<\/section>\n\n\n\n<section class=\"block block-content-50-50 container-fluid bg-darkblue\">\n    <div class=\"container\">\n        <div class=\"row  align-items-center\">\n\n            <div class=\"col-ml-6 col-12   img-container\">\n                                    <img decoding=\"async\" src=\"https:\/\/atao.fi\/wp-content\/uploads\/2025\/08\/umbrella-hsqe-solution-tuotelogo-lumi-rgb.png\" width=\"1137\" height=\"362\" alt=\"\" loading=\"lazy\">                \n            <\/div>\n                            <div class=\"col-ml-5 col-12 offset-ml-1  txt-container\">\n                    <div class=\"content\">\n                        \n\n<h4 class=\"wp-block-heading has-white-color has-text-color has-link-color wp-elements-a994eb1bf0ceced4866e92c2be623c35\"><strong>Umbrella HSQE Solution digitalisoi yrityksesi laatu, ymp\u00e4rist\u00f6 ja ty\u00f6terveys- ja turvallisuusjohtamisen<\/strong><\/h4>\n\n\n                    <\/div>\n                <\/div>\n                    <\/div>\n    <\/div>\n<\/section>\n\n\n\n<section class=\"block block-content-50-50 container-fluid bg-darkblue\">\n    <div class=\"container\">\n        <div class=\"row  align-items-center\">\n\n            <div class=\"col-ml-6 col-12   img-container\">\n                                    <img decoding=\"async\" src=\"https:\/\/atao.fi\/wp-content\/uploads\/2025\/08\/umbrella-food-safety-tuotelogo-lumi-rgb.png\" width=\"1137\" height=\"362\" alt=\"\" loading=\"lazy\">                \n            <\/div>\n                            <div class=\"col-ml-5 col-12 offset-ml-1  txt-container\">\n                    <div class=\"content\">\n                        \n\n<h4 class=\"wp-block-heading has-white-color has-text-color has-link-color wp-elements-f3d55aa3a1527599d628ff2cfe6a1afc\"><strong>Umbrella Food Safety digitalisoi elintarvikevalmistuksen tuoteturvallisuusjohtaminen<\/strong><\/h4>\n\n\n                    <\/div>\n                <\/div>\n                    <\/div>\n    <\/div>\n<\/section>\n\n\n<section class=\"block block-content-highlights container-fluid bg-white\">\n    <div class=\"container\">\n        <div class=\"row\">\n            <div class=\"col-6\">\n                <div class=\"block-heading d-flex justify-content-between\">\n                    <div class=\"content-wrapper entry-content\">\n                        \n\n<h2 class=\"wp-block-heading\"><\/h2>\n\n\n                    <\/div>\n                                    <\/div>\n            <\/div>\n                            <div class=\"highlights col-12\">\n                                            <div class=\"highlight entry-content d-flex flex-column\">\n                                                                                                <figure class=\"image-wrapper no-box-shadow\">\n                                        <img decoding=\"async\" src=\"https:\/\/atao.fi\/wp-content\/uploads\/2024\/02\/Umbrella_hero_toiminnallisuudet_vaaka_mobiili-1024x540.webp\" width=\"840\" height=\"443\" srcset=\"https:\/\/atao.fi\/wp-content\/uploads\/2024\/02\/Umbrella_hero_toiminnallisuudet_vaaka_mobiili-300x158.webp 300w, https:\/\/atao.fi\/wp-content\/uploads\/2024\/02\/Umbrella_hero_toiminnallisuudet_vaaka_mobiili-1024x540.webp 840w, https:\/\/atao.fi\/wp-content\/uploads\/2024\/02\/Umbrella_hero_toiminnallisuudet_vaaka_mobiili-768x405.webp 768w, https:\/\/atao.fi\/wp-content\/uploads\/2024\/02\/Umbrella_hero_toiminnallisuudet_vaaka_mobiili.webp 1920w\" sizes=\"auto, (max-width: 839px) 100vw, 840px\" alt=\"\" loading=\"lazy\">                                    <\/figure>\n                                                                                                                                                                    <div class=\"wp-block-button\">\n                                        <a href=\"https:\/\/atao.fi\/en\/functionalities\/\" class=\"wp-block-button__link wp-element-button\" >Explore the functionalities<\/a>                                    <\/div>\n                                                                                                                    <\/div>\n                                            <div class=\"highlight entry-content d-flex flex-column\">\n                                                                                                <figure class=\"image-wrapper no-box-shadow\">\n                                        <img decoding=\"async\" src=\"https:\/\/atao.fi\/wp-content\/uploads\/2024\/02\/Umbrella_hero_asiakastarinat_vaaka_mobiili-1024x540.webp\" width=\"840\" height=\"443\" srcset=\"https:\/\/atao.fi\/wp-content\/uploads\/2024\/02\/Umbrella_hero_asiakastarinat_vaaka_mobiili-300x158.webp 300w, https:\/\/atao.fi\/wp-content\/uploads\/2024\/02\/Umbrella_hero_asiakastarinat_vaaka_mobiili-1024x540.webp 840w, https:\/\/atao.fi\/wp-content\/uploads\/2024\/02\/Umbrella_hero_asiakastarinat_vaaka_mobiili-768x405.webp 768w, https:\/\/atao.fi\/wp-content\/uploads\/2024\/02\/Umbrella_hero_asiakastarinat_vaaka_mobiili.webp 1920w\" sizes=\"auto, (max-width: 839px) 100vw, 840px\" alt=\"\" loading=\"lazy\">                                    <\/figure>\n                                                                                                                                                                    <div class=\"wp-block-button\">\n                                        <a href=\"https:\/\/atao.fi\/en\/testimonials\/\" class=\"wp-block-button__link wp-element-button\" >Read customer testimonials<\/a>                                    <\/div>\n                                                                                                                    <\/div>\n                                            <div class=\"highlight entry-content d-flex flex-column\">\n                                                                                                <figure class=\"image-wrapper no-box-shadow\">\n                                        <img decoding=\"async\" src=\"https:\/\/atao.fi\/wp-content\/uploads\/2025\/08\/umbrella-hero-yhteystiedot-vaaka-mobiili-2025-1024x540.webp\" width=\"840\" height=\"443\" srcset=\"https:\/\/atao.fi\/wp-content\/uploads\/2025\/08\/umbrella-hero-yhteystiedot-vaaka-mobiili-2025-300x158.webp 300w, https:\/\/atao.fi\/wp-content\/uploads\/2025\/08\/umbrella-hero-yhteystiedot-vaaka-mobiili-2025-1024x540.webp 840w, https:\/\/atao.fi\/wp-content\/uploads\/2025\/08\/umbrella-hero-yhteystiedot-vaaka-mobiili-2025-768x405.webp 768w, https:\/\/atao.fi\/wp-content\/uploads\/2025\/08\/umbrella-hero-yhteystiedot-vaaka-mobiili-2025.webp 1920w\" sizes=\"auto, (max-width: 839px) 100vw, 840px\" alt=\"\" loading=\"lazy\">                                    <\/figure>\n                                                                                                                                                                    <div class=\"wp-block-button\">\n                                        <a href=\"https:\/\/atao.fi\/en\/contact\/\" class=\"wp-block-button__link wp-element-button\" >Request Info or Get a Quote!<\/a>                                    <\/div>\n                                                                                                                    <\/div>\n                                    <\/div>\n                                <\/div>\n    <\/div>\n<\/section>","protected":false},"excerpt":{"rendered":"","protected":false},"author":8,"featured_media":0,"parent":0,"menu_order":0,"comment_status":"closed","ping_status":"closed","template":"","meta":{"_acf_changed":false,"footnotes":""},"class_list":["post-1292","page","type-page","status-publish","hentry"],"acf":[],"yoast_head":"<!-- This site is optimized with the Yoast SEO plugin v27.6 - https:\/\/yoast.com\/product\/yoast-seo-wordpress\/ -->\n<title>Main - Atao<\/title>\n<meta name=\"robots\" content=\"index, follow, max-snippet:-1, max-image-preview:large, max-video-preview:-1\" \/>\n<link rel=\"canonical\" href=\"https:\/\/atao.fi\/en\/\" \/>\n<meta property=\"og:locale\" content=\"en_US\" \/>\n<meta property=\"og:type\" content=\"article\" \/>\n<meta property=\"og:title\" content=\"Main - Atao\" \/>\n<meta property=\"og:url\" content=\"https:\/\/atao.fi\/en\/\" \/>\n<meta property=\"og:site_name\" content=\"Atao\" \/>\n<meta property=\"article:modified_time\" content=\"2025-08-12T08:26:42+00:00\" \/>\n<meta name=\"twitter:card\" content=\"summary_large_image\" \/>\n<meta name=\"twitter:label1\" content=\"Est. reading time\" \/>\n\t<meta name=\"twitter:data1\" content=\"5 minutes\" \/>\n<script type=\"application\/ld+json\" class=\"yoast-schema-graph\">{\"@context\":\"https:\\\/\\\/schema.org\",\"@graph\":[{\"@type\":\"WebPage\",\"@id\":\"https:\\\/\\\/atao.fi\\\/en\\\/\",\"url\":\"https:\\\/\\\/atao.fi\\\/en\\\/\",\"name\":\"Main - Atao\",\"isPartOf\":{\"@id\":\"https:\\\/\\\/atao.fi\\\/en\\\/#website\"},\"datePublished\":\"2024-02-06T13:08:25+00:00\",\"dateModified\":\"2025-08-12T08:26:42+00:00\",\"breadcrumb\":{\"@id\":\"https:\\\/\\\/atao.fi\\\/en\\\/#breadcrumb\"},\"inLanguage\":\"en-US\",\"potentialAction\":[{\"@type\":\"ReadAction\",\"target\":[\"https:\\\/\\\/atao.fi\\\/en\\\/\"]}]},{\"@type\":\"BreadcrumbList\",\"@id\":\"https:\\\/\\\/atao.fi\\\/en\\\/#breadcrumb\",\"itemListElement\":[{\"@type\":\"ListItem\",\"position\":1,\"name\":\"Home\",\"item\":\"https:\\\/\\\/atao.fi\\\/en\\\/\"},{\"@type\":\"ListItem\",\"position\":2,\"name\":\"Main\"}]},{\"@type\":\"WebSite\",\"@id\":\"https:\\\/\\\/atao.fi\\\/en\\\/#website\",\"url\":\"https:\\\/\\\/atao.fi\\\/en\\\/\",\"name\":\"Atao\",\"description\":\"\",\"publisher\":{\"@id\":\"https:\\\/\\\/atao.fi\\\/en\\\/#organization\"},\"potentialAction\":[{\"@type\":\"SearchAction\",\"target\":{\"@type\":\"EntryPoint\",\"urlTemplate\":\"https:\\\/\\\/atao.fi\\\/en\\\/?s={search_term_string}\"},\"query-input\":{\"@type\":\"PropertyValueSpecification\",\"valueRequired\":true,\"valueName\":\"search_term_string\"}}],\"inLanguage\":\"en-US\"},{\"@type\":\"Organization\",\"@id\":\"https:\\\/\\\/atao.fi\\\/en\\\/#organization\",\"name\":\"Atao\",\"url\":\"https:\\\/\\\/atao.fi\\\/en\\\/\",\"logo\":{\"@type\":\"ImageObject\",\"inLanguage\":\"en-US\",\"@id\":\"https:\\\/\\\/atao.fi\\\/en\\\/#\\\/schema\\\/logo\\\/image\\\/\",\"url\":\"https:\\\/\\\/atao.fi\\\/wp-content\\\/uploads\\\/2025\\\/08\\\/umbrella-interactive-logo-yo-rgb.png\",\"contentUrl\":\"https:\\\/\\\/atao.fi\\\/wp-content\\\/uploads\\\/2025\\\/08\\\/umbrella-interactive-logo-yo-rgb.png\",\"width\":1137,\"height\":362,\"caption\":\"Atao\"},\"image\":{\"@id\":\"https:\\\/\\\/atao.fi\\\/en\\\/#\\\/schema\\\/logo\\\/image\\\/\"}}]}<\/script>\n<!-- \/ Yoast SEO plugin. -->","yoast_head_json":{"title":"Main - Atao","robots":{"index":"index","follow":"follow","max-snippet":"max-snippet:-1","max-image-preview":"max-image-preview:large","max-video-preview":"max-video-preview:-1"},"canonical":"https:\/\/atao.fi\/en\/","og_locale":"en_US","og_type":"article","og_title":"Main - Atao","og_url":"https:\/\/atao.fi\/en\/","og_site_name":"Atao","article_modified_time":"2025-08-12T08:26:42+00:00","twitter_card":"summary_large_image","twitter_misc":{"Est. reading time":"5 minutes"},"schema":{"@context":"https:\/\/schema.org","@graph":[{"@type":"WebPage","@id":"https:\/\/atao.fi\/en\/","url":"https:\/\/atao.fi\/en\/","name":"Main - Atao","isPartOf":{"@id":"https:\/\/atao.fi\/en\/#website"},"datePublished":"2024-02-06T13:08:25+00:00","dateModified":"2025-08-12T08:26:42+00:00","breadcrumb":{"@id":"https:\/\/atao.fi\/en\/#breadcrumb"},"inLanguage":"en-US","potentialAction":[{"@type":"ReadAction","target":["https:\/\/atao.fi\/en\/"]}]},{"@type":"BreadcrumbList","@id":"https:\/\/atao.fi\/en\/#breadcrumb","itemListElement":[{"@type":"ListItem","position":1,"name":"Home","item":"https:\/\/atao.fi\/en\/"},{"@type":"ListItem","position":2,"name":"Main"}]},{"@type":"WebSite","@id":"https:\/\/atao.fi\/en\/#website","url":"https:\/\/atao.fi\/en\/","name":"Atao","description":"","publisher":{"@id":"https:\/\/atao.fi\/en\/#organization"},"potentialAction":[{"@type":"SearchAction","target":{"@type":"EntryPoint","urlTemplate":"https:\/\/atao.fi\/en\/?s={search_term_string}"},"query-input":{"@type":"PropertyValueSpecification","valueRequired":true,"valueName":"search_term_string"}}],"inLanguage":"en-US"},{"@type":"Organization","@id":"https:\/\/atao.fi\/en\/#organization","name":"Atao","url":"https:\/\/atao.fi\/en\/","logo":{"@type":"ImageObject","inLanguage":"en-US","@id":"https:\/\/atao.fi\/en\/#\/schema\/logo\/image\/","url":"https:\/\/atao.fi\/wp-content\/uploads\/2025\/08\/umbrella-interactive-logo-yo-rgb.png","contentUrl":"https:\/\/atao.fi\/wp-content\/uploads\/2025\/08\/umbrella-interactive-logo-yo-rgb.png","width":1137,"height":362,"caption":"Atao"},"image":{"@id":"https:\/\/atao.fi\/en\/#\/schema\/logo\/image\/"}}]}},"_links":{"self":[{"href":"https:\/\/atao.fi\/en\/wp-json\/wp\/v2\/pages\/1292","targetHints":{"allow":["GET"]}}],"collection":[{"href":"https:\/\/atao.fi\/en\/wp-json\/wp\/v2\/pages"}],"about":[{"href":"https:\/\/atao.fi\/en\/wp-json\/wp\/v2\/types\/page"}],"author":[{"embeddable":true,"href":"https:\/\/atao.fi\/en\/wp-json\/wp\/v2\/users\/8"}],"replies":[{"embeddable":true,"href":"https:\/\/atao.fi\/en\/wp-json\/wp\/v2\/comments?post=1292"}],"version-history":[{"count":12,"href":"https:\/\/atao.fi\/en\/wp-json\/wp\/v2\/pages\/1292\/revisions"}],"predecessor-version":[{"id":1702,"href":"https:\/\/atao.fi\/en\/wp-json\/wp\/v2\/pages\/1292\/revisions\/1702"}],"wp:attachment":[{"href":"https:\/\/atao.fi\/en\/wp-json\/wp\/v2\/media?parent=1292"}],"curies":[{"name":"wp","href":"https:\/\/api.w.org\/{rel}","templated":true}]}}